{"id":536,"date":"2022-06-20T06:45:17","date_gmt":"2022-06-20T06:45:17","guid":{"rendered":"https:\/\/enwoo-demos.com\/free-demo-6\/?page_id=536"},"modified":"2024-04-09T16:08:55","modified_gmt":"2024-04-09T16:08:55","slug":"contact-2","status":"publish","type":"page","link":"https:\/\/exportacionesimportacionescreyco.es\/index.php\/contact-2\/","title":{"rendered":"Contact"},"content":{"rendered":"\t\t<div data-elementor-type=\"wp-page\" data-elementor-id=\"536\" class=\"elementor elementor-536\">\n\t\t\t\t\t\t<section class=\"elementor-section elementor-top-section elementor-element elementor-element-21f2ffe7 elementor-section-boxed elementor-section-height-default elementor-section-height-default\" data-id=\"21f2ffe7\" data-element_type=\"section\" data-e-type=\"section\">\n\t\t\t\t\t\t<div class=\"elementor-container elementor-column-gap-default\">\n\t\t\t\t\t<div class=\"elementor-column elementor-col-100 elementor-top-column elementor-element elementor-element-58541526\" data-id=\"58541526\" data-element_type=\"column\" data-e-type=\"column\">\n\t\t\t<div class=\"elementor-widget-wrap elementor-element-populated\">\n\t\t\t\t\t\t<div class=\"elementor-element elementor-element-1382a9b4 elementor-widget elementor-widget-text-editor\" data-id=\"1382a9b4\" data-element_type=\"widget\" data-e-type=\"widget\" data-widget_type=\"text-editor.default\">\n\t\t\t\t<div class=\"elementor-widget-container\">\n\t\t\t\t\t\t\t\t\t<p><\/p>\n<div class=\"wp-block-spacer\" style=\"height: 100px;\" aria-hidden=\"true\">\u00a0<\/div>\n<p><\/p>\n<p><\/p>\n<div class=\"wp-block-media-text has-media-on-the-right is-stacked-on-mobile is-vertically-aligned-center has-text-color has-background has-link-color wp-elements-790bccfdcd2c260749c0f33a934114f9\" style=\"color: #000000; background-color: #ffffff; grid-template-columns: auto 51%;\">\n<div class=\"wp-block-media-text__content\">\n<p><\/p>\n<h2 class=\"wp-block-heading\" style=\"font-size: 3em; font-weight: bold;\">Contacto<\/h2>\n<p>\n\n<\/p>\n<p style=\"font-size: 1.1em;\"><strong>Nos encontramos en: <\/strong><\/p>\n<p>\n\n<\/p>\n<p style=\"font-size: 1.1em;\">Lugar Ramalleira 45, B\u00e9rtola-Vilaboa 36140<\/p>\n<p>\n\n<\/p>\n<p style=\"font-size: 1.1em;\"><strong>Tel\u00e9fono:<\/strong> +34 618836716<br \/><strong>Email:<\/strong> <a href=\"mailto:info@excavacionescreyco.es\">info@excavacionescreyco.es<\/a><\/p>\n<p>&nbsp;<\/p>\n<p>\n\n<\/p>\n<p>\n\n<\/p>\n<p>\n\n<\/p>\n<ul class=\"wp-block-social-links has-icon-color has-icon-background-color is-style-default is-layout-flex wp-block-social-links-is-layout-flex\"><li style=\"color:#FFFFFF;background-color:#000000;\" class=\"wp-social-link wp-social-link-facebook  wp-block-social-link\"><a href=\"https:\/\/facebook.com\" class=\"wp-block-social-link-anchor\"><svg width=\"24\" height=\"24\" viewBox=\"0 0 24 24\" version=\"1.1\" xmlns=\"http:\/\/www.w3.org\/2000\/svg\" aria-hidden=\"true\" focusable=\"false\"><path d=\"M12 2C6.5 2 2 6.5 2 12c0 5 3.7 9.1 8.4 9.9v-7H7.9V12h2.5V9.8c0-2.5 1.5-3.9 3.8-3.9 1.1 0 2.2.2 2.2.2v2.5h-1.3c-1.2 0-1.6.8-1.6 1.6V12h2.8l-.4 2.9h-2.3v7C18.3 21.1 22 17 22 12c0-5.5-4.5-10-10-10z\"><\/path><\/svg><span class=\"wp-block-social-link-label screen-reader-text\">Facebook<\/span><\/a><\/li>\n\n<li style=\"color:#FFFFFF;background-color:#000000;\" class=\"wp-social-link wp-social-link-instagram  wp-block-social-link\"><a href=\"https:\/\/instagram.com\" class=\"wp-block-social-link-anchor\"><svg width=\"24\" height=\"24\" viewBox=\"0 0 24 24\" version=\"1.1\" xmlns=\"http:\/\/www.w3.org\/2000\/svg\" aria-hidden=\"true\" focusable=\"false\"><path d=\"M12,4.622c2.403,0,2.688,0.009,3.637,0.052c0.877,0.04,1.354,0.187,1.671,0.31c0.42,0.163,0.72,0.358,1.035,0.673 c0.315,0.315,0.51,0.615,0.673,1.035c0.123,0.317,0.27,0.794,0.31,1.671c0.043,0.949,0.052,1.234,0.052,3.637 s-0.009,2.688-0.052,3.637c-0.04,0.877-0.187,1.354-0.31,1.671c-0.163,0.42-0.358,0.72-0.673,1.035 c-0.315,0.315-0.615,0.51-1.035,0.673c-0.317,0.123-0.794,0.27-1.671,0.31c-0.949,0.043-1.233,0.052-3.637,0.052 s-2.688-0.009-3.637-0.052c-0.877-0.04-1.354-0.187-1.671-0.31c-0.42-0.163-0.72-0.358-1.035-0.673 c-0.315-0.315-0.51-0.615-0.673-1.035c-0.123-0.317-0.27-0.794-0.31-1.671C4.631,14.688,4.622,14.403,4.622,12 s0.009-2.688,0.052-3.637c0.04-0.877,0.187-1.354,0.31-1.671c0.163-0.42,0.358-0.72,0.673-1.035 c0.315-0.315,0.615-0.51,1.035-0.673c0.317-0.123,0.794-0.27,1.671-0.31C9.312,4.631,9.597,4.622,12,4.622 M12,3 C9.556,3,9.249,3.01,8.289,3.054C7.331,3.098,6.677,3.25,6.105,3.472C5.513,3.702,5.011,4.01,4.511,4.511 c-0.5,0.5-0.808,1.002-1.038,1.594C3.25,6.677,3.098,7.331,3.054,8.289C3.01,9.249,3,9.556,3,12c0,2.444,0.01,2.751,0.054,3.711 c0.044,0.958,0.196,1.612,0.418,2.185c0.23,0.592,0.538,1.094,1.038,1.594c0.5,0.5,1.002,0.808,1.594,1.038 c0.572,0.222,1.227,0.375,2.185,0.418C9.249,20.99,9.556,21,12,21s2.751-0.01,3.711-0.054c0.958-0.044,1.612-0.196,2.185-0.418 c0.592-0.23,1.094-0.538,1.594-1.038c0.5-0.5,0.808-1.002,1.038-1.594c0.222-0.572,0.375-1.227,0.418-2.185 C20.99,14.751,21,14.444,21,12s-0.01-2.751-0.054-3.711c-0.044-0.958-0.196-1.612-0.418-2.185c-0.23-0.592-0.538-1.094-1.038-1.594 c-0.5-0.5-1.002-0.808-1.594-1.038c-0.572-0.222-1.227-0.375-2.185-0.418C14.751,3.01,14.444,3,12,3L12,3z M12,7.378 c-2.552,0-4.622,2.069-4.622,4.622S9.448,16.622,12,16.622s4.622-2.069,4.622-4.622S14.552,7.378,12,7.378z M12,15 c-1.657,0-3-1.343-3-3s1.343-3,3-3s3,1.343,3,3S13.657,15,12,15z M16.804,6.116c-0.596,0-1.08,0.484-1.08,1.08 s0.484,1.08,1.08,1.08c0.596,0,1.08-0.484,1.08-1.08S17.401,6.116,16.804,6.116z\"><\/path><\/svg><span class=\"wp-block-social-link-label screen-reader-text\">Instagram<\/span><\/a><\/li>\n\n<li style=\"color:#FFFFFF;background-color:#000000;\" class=\"wp-social-link wp-social-link-twitter  wp-block-social-link\"><a href=\"https:\/\/twitter.com\" class=\"wp-block-social-link-anchor\"><svg width=\"24\" height=\"24\" viewBox=\"0 0 24 24\" version=\"1.1\" xmlns=\"http:\/\/www.w3.org\/2000\/svg\" aria-hidden=\"true\" focusable=\"false\"><path d=\"M22.23,5.924c-0.736,0.326-1.527,0.547-2.357,0.646c0.847-0.508,1.498-1.312,1.804-2.27 c-0.793,0.47-1.671,0.812-2.606,0.996C18.324,4.498,17.257,4,16.077,4c-2.266,0-4.103,1.837-4.103,4.103 c0,0.322,0.036,0.635,0.106,0.935C8.67,8.867,5.647,7.234,3.623,4.751C3.27,5.357,3.067,6.062,3.067,6.814 c0,1.424,0.724,2.679,1.825,3.415c-0.673-0.021-1.305-0.206-1.859-0.513c0,0.017,0,0.034,0,0.052c0,1.988,1.414,3.647,3.292,4.023 c-0.344,0.094-0.707,0.144-1.081,0.144c-0.264,0-0.521-0.026-0.772-0.074c0.522,1.63,2.038,2.816,3.833,2.85 c-1.404,1.1-3.174,1.756-5.096,1.756c-0.331,0-0.658-0.019-0.979-0.057c1.816,1.164,3.973,1.843,6.29,1.843 c7.547,0,11.675-6.252,11.675-11.675c0-0.178-0.004-0.355-0.012-0.531C20.985,7.47,21.68,6.747,22.23,5.924z\"><\/path><\/svg><span class=\"wp-block-social-link-label screen-reader-text\">Twitter<\/span><\/a><\/li><\/ul>\n<p><\/p>\n<\/div>\n<figure class=\"wp-block-media-text__media\"><img fetchpriority=\"high\" decoding=\"async\" width=\"1024\" height=\"768\" class=\"wp-image-832 size-full\" style=\"border-radius: 10px;\" src=\"http:\/\/excavacionescreyco.es\/wp-content\/uploads\/2023\/11\/IMG-20220909-WA0024-1024x768.jpg\" alt=\"\" srcset=\"https:\/\/exportacionesimportacionescreyco.es\/wp-content\/uploads\/2023\/11\/IMG-20220909-WA0024-1024x768.jpg 1024w, https:\/\/exportacionesimportacionescreyco.es\/wp-content\/uploads\/2023\/11\/IMG-20220909-WA0024-300x225.jpg 300w, https:\/\/exportacionesimportacionescreyco.es\/wp-content\/uploads\/2023\/11\/IMG-20220909-WA0024-768x576.jpg 768w, https:\/\/exportacionesimportacionescreyco.es\/wp-content\/uploads\/2023\/11\/IMG-20220909-WA0024-1536x1152.jpg 1536w, https:\/\/exportacionesimportacionescreyco.es\/wp-content\/uploads\/2023\/11\/IMG-20220909-WA0024.jpg 1600w\" sizes=\"(max-width: 1024px) 100vw, 1024px\" \/><\/figure>\n<\/div>\n<p>&nbsp;<\/p>\n<p>&nbsp;<\/p>\n<p>&nbsp;<\/p>\n<p><\/p>\t\t\t\t\t\t\t\t<\/div>\n\t\t\t\t<\/div>\n\t\t\t\t<div class=\"elementor-element elementor-element-efe9067 elementor-widget elementor-widget-google_maps\" data-id=\"efe9067\" data-element_type=\"widget\" data-e-type=\"widget\" data-widget_type=\"google_maps.default\">\n\t\t\t\t<div class=\"elementor-widget-container\">\n\t\t\t\t\t\t\t<div class=\"elementor-custom-embed\">\n\t\t\t<iframe loading=\"lazy\"\n\t\t\t\t\tsrc=\"https:\/\/maps.google.com\/maps?q=Nos%20encontramos%20en%3A%20%20Lugar%20Ramalleira%2045%2C%20B%C3%A9rtola-Vilaboa%2036140&#038;t=m&#038;z=10&#038;output=embed&#038;iwloc=near\"\n\t\t\t\t\ttitle=\"Nos encontramos en:  Lugar Ramalleira 45, B\u00e9rtola-Vilaboa 36140\"\n\t\t\t\t\taria-label=\"Nos encontramos en:  Lugar Ramalleira 45, B\u00e9rtola-Vilaboa 36140\"\n\t\t\t><\/iframe>\n\t\t<\/div>\n\t\t\t\t\t\t<\/div>\n\t\t\t\t<\/div>\n\t\t\t\t\t<\/div>\n\t\t<\/div>\n\t\t\t\t\t<\/div>\n\t\t<\/section>\n\t\t\t\t<section class=\"elementor-section elementor-top-section elementor-element elementor-element-96e6b68 elementor-section-boxed elementor-section-height-default elementor-section-height-default\" data-id=\"96e6b68\" data-element_type=\"section\" data-e-type=\"section\">\n\t\t\t\t\t\t<div class=\"elementor-container elementor-column-gap-default\">\n\t\t\t\t\t<div class=\"elementor-column elementor-col-100 elementor-top-column elementor-element elementor-element-df74505\" data-id=\"df74505\" data-element_type=\"column\" data-e-type=\"column\">\n\t\t\t<div class=\"elementor-widget-wrap elementor-element-populated\">\n\t\t\t\t\t\t<div class=\"elementor-element elementor-element-df5f41e elementor-widget elementor-widget-html\" data-id=\"df5f41e\" data-element_type=\"widget\" data-e-type=\"widget\" data-widget_type=\"html.default\">\n\t\t\t\t<div class=\"elementor-widget-container\">\n\t\t\t\t\t<div class=\"wp-block-group alignfull has-white-color has-text-color has-background has-black-background-color\">\r\n<p><\/p>\r\n<div class=\"wp-block-spacer\" style=\"height: 40px;\" aria-hidden=\"true\">&nbsp;<\/div>\r\n<p><\/p>\r\n<p><\/p>\r\n<div class=\"wp-block-columns alignwide are-vertically-aligned-top is-layout-flex wp-container-core-columns-is-layout-9d6595d7 wp-block-columns-is-layout-flex\" style=\"background-color: #141414; max-width: 1000px; margin: auto; border-radius: 10px; border: 2px solid #646464; gap: 40px;\">\r\n<p><\/p>\r\n<div class=\"wp-block-column is-vertically-aligned-center is-layout-flow wp-block-column-is-layout-flow\" style=\"flex-basis: 25%; display: flex; justify-content: center;\">\r\n<p><\/p>\r\n<figure class=\"wp-block-image size-full is-resized\"><img loading=\"lazy\" loading=\"lazy\" decoding=\"async\" class=\"wp-image-817 alignleft\" style=\"border-radius: 10px; margin-left: 30px;\" src=\"https:\/\/exportacionesimportacionescreyco.es\/wp-content\/uploads\/2023\/11\/Sin-titulo-2.png\" alt=\"\" width=\"137\" height=\"120\"><\/figure>\r\n<p><\/p>\r\n<\/div>\r\n<p><\/p>\r\n<p><\/p>\r\n<div class=\"wp-block-column is-vertically-aligned-top is-layout-flow wp-block-column-is-layout-flow\" style=\"flex-basis: 24.4%; text-align: center; display: flex; flex-direction: column;\">\r\n<p><\/p>\r\n<h5 class=\"wp-block-heading  has-text-color has-medium-font-size\" style=\"color: #f29210;\"><strong>Enlaces<\/strong><\/h5>\r\n<p><\/p>\r\n<p><\/p>\r\n<p><a class=\"has-white-color\" href=\"http:\/\/excavacionescreyco.es\/\">Inicio<\/a><\/p>\r\n<p><\/p>\r\n<p><\/p>\r\n<p><a class=\"has-white-color\" href=\"http:\/\/excavacionescreyco.es\/#nuestrosservicios\">Nuestros servicios<\/a><\/p>\r\n<p><\/p>\r\n<p><\/p>\r\n<p><a class=\"has-white-color\" href=\"http:\/\/excavacionescreyco.es\/#conocenos\">Con\u00f3cenos<\/a><\/p>\r\n<p><\/p>\r\n<p><\/p>\r\n<p class=\"has-white-color has-text-color\"><a class=\"has-white-color\" href=\"http:\/\/excavacionescreyco.es\/index.php\/contact-2\/\">Contacto<\/a><\/p>\r\n<p><\/p>\r\n<p><\/p>\r\n<p class=\"has-white-color has-text-color\"><a class=\"has-white-color\" href=\"http:\/\/excavacionescreyco.es\/index.php\/blog-3\/\">Blog<\/a><\/p>\r\n<p><\/p>\r\n<\/div>\r\n<p><\/p>\r\n<p><\/p>\r\n<div class=\"wp-block-column is-vertically-aligned-top is-layout-flow wp-block-column-is-layout-flow\" style=\"flex-basis: 50%; text-align: center; display: flex; flex-direction: column;\">\r\n<p><\/p>\r\n\r\n<h5 class=\"wp-block-heading  has-text-color has-medium-font-size\" style=\"color: #f29210;\">Encu\u00e9ntranos<\/h5>\r\n<p><\/p>\r\n<p><\/p>\r\n<p>Ramalleira 45<\/p>\r\n<p>B\u00e9rtola \u2013 Vilaboa 36140<\/p>\r\n<p><\/p>\r\n<h5 class=\"wp-block-heading  has-text-color has-medium-font-size\" style=\"color: #f29210;\">Canal de denuncias<\/h5>\r\n<a href=\"mailto:denunciascreyco@excavacionescreyco.es\">denunciascreyco@excavacionescreyco.es<\/a>\r\n\r\n<h5 class=\"wp-block-heading has-text-color has-medium-font-size\" style=\"color: #f29210;\">\r\n   Responsabilidad Social Corporativa\r\n<\/h5>\r\n<a href=\"https:\/\/exportacionesimportacionescreyco.es\/wp-content\/uploads\/2024\/04\/Etica-Textos-Web-Corporativa.pdf\" target=\"_blank\" rel=\"noopener noreferrer\">Aqu\u00ed<\/a>\r\n<h5 class=\"wp-block-heading has-text-color has-medium-font-size\" style=\"color: #f29210;\"><a href=\"http:\/\/excavacionescreyco.es\/wp-content\/uploads\/2024\/03\/PR05-C-Aviso-Legal-Web-Creyco.es-v.1.-28-de-febrero-de-2024.pdf\">Aviso legal<\/a> | <a href=\"http:\/\/excavacionescreyco.es\/wp-content\/uploads\/2024\/03\/PR05-E-Politica-de-cookies-Creyco.es_.pdf\">Pol\u00edtica de cookies<\/a> | <a href=\"http:\/\/excavacionescreyco.es\/wp-content\/uploads\/2024\/03\/PR05-B-Politica-de-privacidad-Creyco.es-v.1.-28-de-febrero-de-2024.pdf\">Pol\u00edtica de privacidad<\/a><\/h5>\r\n\r\n<p><\/p>\r\n<ul class=\"wp-block-social-links has-normal-icon-size has-icon-color is-style-logos-only is-layout-flex wp-block-social-links-is-layout-flex\">\r\n<li style=\"list-style-type: none;\">\r\n<ul class=\"wp-block-social-links has-normal-icon-size has-icon-color is-style-logos-only\"><li style=\"color:#ffffff;\" class=\"wp-social-link wp-social-link-facebook has-white-color wp-block-social-link\"><a href=\"#\" class=\"wp-block-social-link-anchor\"><svg width=\"24\" height=\"24\" viewBox=\"0 0 24 24\" version=\"1.1\" xmlns=\"http:\/\/www.w3.org\/2000\/svg\" aria-hidden=\"true\" focusable=\"false\"><path d=\"M12 2C6.5 2 2 6.5 2 12c0 5 3.7 9.1 8.4 9.9v-7H7.9V12h2.5V9.8c0-2.5 1.5-3.9 3.8-3.9 1.1 0 2.2.2 2.2.2v2.5h-1.3c-1.2 0-1.6.8-1.6 1.6V12h2.8l-.4 2.9h-2.3v7C18.3 21.1 22 17 22 12c0-5.5-4.5-10-10-10z\"><\/path><\/svg><span class=\"wp-block-social-link-label screen-reader-text\">Facebook<\/span><\/a><\/li><\/ul>\r\n<\/li>\r\n<\/ul>\r\n<p><li style=\"color:#ffffff;\" class=\"wp-social-link wp-social-link-google has-white-color wp-block-social-link\"><a href=\"#\" class=\"wp-block-social-link-anchor\"><svg width=\"24\" height=\"24\" viewBox=\"0 0 24 24\" version=\"1.1\" xmlns=\"http:\/\/www.w3.org\/2000\/svg\" aria-hidden=\"true\" focusable=\"false\"><path d=\"M12.02,10.18v3.72v0.01h5.51c-0.26,1.57-1.67,4.22-5.5,4.22c-3.31,0-6.01-2.75-6.01-6.12s2.7-6.12,6.01-6.12 c1.87,0,3.13,0.8,3.85,1.48l2.84-2.76C16.99,2.99,14.73,2,12.03,2c-5.52,0-10,4.48-10,10s4.48,10,10,10c5.77,0,9.6-4.06,9.6-9.77 c0-0.83-0.11-1.42-0.25-2.05H12.02z\"><\/path><\/svg><span class=\"wp-block-social-link-label screen-reader-text\">Google<\/span><\/a><\/li><\/p>\r\n<p><li style=\"color:#ffffff;\" class=\"wp-social-link wp-social-link-wordpress has-white-color wp-block-social-link\"><a href=\"#\" class=\"wp-block-social-link-anchor\"><svg width=\"24\" height=\"24\" viewBox=\"0 0 24 24\" version=\"1.1\" xmlns=\"http:\/\/www.w3.org\/2000\/svg\" aria-hidden=\"true\" focusable=\"false\"><path d=\"M12.158,12.786L9.46,20.625c0.806,0.237,1.657,0.366,2.54,0.366c1.047,0,2.051-0.181,2.986-0.51 c-0.024-0.038-0.046-0.079-0.065-0.124L12.158,12.786z M3.009,12c0,3.559,2.068,6.634,5.067,8.092L3.788,8.341 C3.289,9.459,3.009,10.696,3.009,12z M18.069,11.546c0-1.112-0.399-1.881-0.741-2.48c-0.456-0.741-0.883-1.368-0.883-2.109 c0-0.826,0.627-1.596,1.51-1.596c0.04,0,0.078,0.005,0.116,0.007C16.472,3.904,14.34,3.009,12,3.009 c-3.141,0-5.904,1.612-7.512,4.052c0.211,0.007,0.41,0.011,0.579,0.011c0.94,0,2.396-0.114,2.396-0.114 C7.947,6.93,8.004,7.642,7.52,7.699c0,0-0.487,0.057-1.029,0.085l3.274,9.739l1.968-5.901l-1.401-3.838 C9.848,7.756,9.389,7.699,9.389,7.699C8.904,7.67,8.961,6.93,9.446,6.958c0,0,1.484,0.114,2.368,0.114 c0.94,0,2.397-0.114,2.397-0.114c0.485-0.028,0.542,0.684,0.057,0.741c0,0-0.488,0.057-1.029,0.085l3.249,9.665l0.897-2.996 C17.841,13.284,18.069,12.316,18.069,11.546z M19.889,7.686c0.039,0.286,0.06,0.593,0.06,0.924c0,0.912-0.171,1.938-0.684,3.22 l-2.746,7.94c2.673-1.558,4.47-4.454,4.47-7.771C20.991,10.436,20.591,8.967,19.889,7.686z M12,22C6.486,22,2,17.514,2,12 C2,6.486,6.486,2,12,2c5.514,0,10,4.486,10,10C22,17.514,17.514,22,12,22z\"><\/path><\/svg><span class=\"wp-block-social-link-label screen-reader-text\">WordPress<\/span><\/a><\/li><\/p>\r\n<p><li style=\"color:#ffffff;\" class=\"wp-social-link wp-social-link-twitter has-white-color wp-block-social-link\"><a href=\"#\" class=\"wp-block-social-link-anchor\"><svg width=\"24\" height=\"24\" viewBox=\"0 0 24 24\" version=\"1.1\" xmlns=\"http:\/\/www.w3.org\/2000\/svg\" aria-hidden=\"true\" focusable=\"false\"><path d=\"M22.23,5.924c-0.736,0.326-1.527,0.547-2.357,0.646c0.847-0.508,1.498-1.312,1.804-2.27 c-0.793,0.47-1.671,0.812-2.606,0.996C18.324,4.498,17.257,4,16.077,4c-2.266,0-4.103,1.837-4.103,4.103 c0,0.322,0.036,0.635,0.106,0.935C8.67,8.867,5.647,7.234,3.623,4.751C3.27,5.357,3.067,6.062,3.067,6.814 c0,1.424,0.724,2.679,1.825,3.415c-0.673-0.021-1.305-0.206-1.859-0.513c0,0.017,0,0.034,0,0.052c0,1.988,1.414,3.647,3.292,4.023 c-0.344,0.094-0.707,0.144-1.081,0.144c-0.264,0-0.521-0.026-0.772-0.074c0.522,1.63,2.038,2.816,3.833,2.85 c-1.404,1.1-3.174,1.756-5.096,1.756c-0.331,0-0.658-0.019-0.979-0.057c1.816,1.164,3.973,1.843,6.29,1.843 c7.547,0,11.675-6.252,11.675-11.675c0-0.178-0.004-0.355-0.012-0.531C20.985,7.47,21.68,6.747,22.23,5.924z\"><\/path><\/svg><span class=\"wp-block-social-link-label screen-reader-text\">Twitter<\/span><\/a><\/li><\/p>\r\n<p><\/p>\r\n<\/div>\r\n<p><\/p>\r\n<\/div>\r\n<p><\/p>\r\n<p><\/p>\r\n<div class=\"wp-block-spacer\" style=\"height: 30px;\" aria-hidden=\"true\">&nbsp;<\/div>\r\n<p><\/p>\r\n<\/div>\t\t\t\t<\/div>\n\t\t\t\t<\/div>\n\t\t\t\t\t<\/div>\n\t\t<\/div>\n\t\t\t\t\t<\/div>\n\t\t<\/section>\n\t\t\t\t<\/div>\n\t\t","protected":false},"excerpt":{"rendered":"<p>Enlaces Inicio Nuestros servicios Con\u00f3cenos Contacto Blog Encu\u00e9ntranos Ramalleira 45 B\u00e9rtola \u2013 Vilaboa 36140<\/p>\n","protected":false},"author":1,"featured_media":0,"parent":0,"menu_order":0,"comment_status":"closed","ping_status":"closed","template":"","meta":{"_joinchat":[],"footnotes":""},"class_list":["post-536","page","type-page","status-publish","hentry"],"_links":{"self":[{"href":"https:\/\/exportacionesimportacionescreyco.es\/index.php\/wp-json\/wp\/v2\/pages\/536","targetHints":{"allow":["GET"]}}],"collection":[{"href":"https:\/\/exportacionesimportacionescreyco.es\/index.php\/wp-json\/wp\/v2\/pages"}],"about":[{"href":"https:\/\/exportacionesimportacionescreyco.es\/index.php\/wp-json\/wp\/v2\/types\/page"}],"author":[{"embeddable":true,"href":"https:\/\/exportacionesimportacionescreyco.es\/index.php\/wp-json\/wp\/v2\/users\/1"}],"replies":[{"embeddable":true,"href":"https:\/\/exportacionesimportacionescreyco.es\/index.php\/wp-json\/wp\/v2\/comments?post=536"}],"version-history":[{"count":84,"href":"https:\/\/exportacionesimportacionescreyco.es\/index.php\/wp-json\/wp\/v2\/pages\/536\/revisions"}],"predecessor-version":[{"id":1618,"href":"https:\/\/exportacionesimportacionescreyco.es\/index.php\/wp-json\/wp\/v2\/pages\/536\/revisions\/1618"}],"wp:attachment":[{"href":"https:\/\/exportacionesimportacionescreyco.es\/index.php\/wp-json\/wp\/v2\/media?parent=536"}],"curies":[{"name":"wp","href":"https:\/\/api.w.org\/{rel}","templated":true}]}}